{"id":26,"date":"2025-08-17T15:11:42","date_gmt":"2025-08-17T13:11:42","guid":{"rendered":"https:\/\/www.ilots.se\/startsida\/"},"modified":"2025-10-24T00:48:16","modified_gmt":"2025-10-23T22:48:16","slug":"startsida","status":"publish","type":"page","link":"https:\/\/ilots.se\/sv\/","title":{"rendered":"Startsida"},"content":{"rendered":"\n<div class=\"wp-block-group alignfull has-background-background-color has-background has-global-padding is-layout-constrained wp-container-core-group-is-layout-be509d4b wp-block-group-is-layout-constrained\" style=\"border-top-width:1px;margin-top:0;margin-bottom:0;padding-top:var(--wp--preset--spacing--30);padding-bottom:var(--wp--preset--spacing--60)\">\n<div class=\"wp-block-columns alignfull is-layout-flex wp-container-core-columns-is-layout-fc3f74e4 wp-block-columns-is-layout-flex\" style=\"padding-right:var(--wp--preset--spacing--30);padding-left:var(--wp--preset--spacing--30)\">\n<div class=\"wp-block-column is-layout-flow wp-block-column-is-layout-flow\">\n<figure class=\"wp-block-image\"><img loading=\"lazy\" decoding=\"async\" width=\"1002\" height=\"1440\" class=\"wp-image-137\" src=\"https:\/\/ilots.se\/wp-content\/uploads\/2025\/10\/976396b2ea3cc6f89ee52d5e9cb23b677ef20434.jpg\" alt=\"\" style=\"aspect-ratio:16\/9;object-fit:cover\" srcset=\"https:\/\/ilots.se\/wp-content\/uploads\/2025\/10\/976396b2ea3cc6f89ee52d5e9cb23b677ef20434.jpg 1002w, https:\/\/ilots.se\/wp-content\/uploads\/2025\/10\/976396b2ea3cc6f89ee52d5e9cb23b677ef20434-209x300.jpg 209w, https:\/\/ilots.se\/wp-content\/uploads\/2025\/10\/976396b2ea3cc6f89ee52d5e9cb23b677ef20434-713x1024.jpg 713w, https:\/\/ilots.se\/wp-content\/uploads\/2025\/10\/976396b2ea3cc6f89ee52d5e9cb23b677ef20434-768x1104.jpg 768w, https:\/\/ilots.se\/wp-content\/uploads\/2025\/10\/976396b2ea3cc6f89ee52d5e9cb23b677ef20434-8x12.jpg 8w\" sizes=\"auto, (max-width: 1002px) 100vw, 1002px\" \/><\/figure>\n<\/div>\n\n\n\n<div class=\"wp-block-column is-layout-flow wp-block-column-is-layout-flow\">\n<figure class=\"wp-block-image\"><img loading=\"lazy\" decoding=\"async\" width=\"1440\" height=\"960\" class=\"wp-image-138\" src=\"https:\/\/ilots.se\/wp-content\/uploads\/2025\/10\/11703ba9a8af13766afc39f1701ef2d0ce771a4c.jpg\" alt=\"\" style=\"aspect-ratio:16\/9;object-fit:cover\" srcset=\"https:\/\/ilots.se\/wp-content\/uploads\/2025\/10\/11703ba9a8af13766afc39f1701ef2d0ce771a4c.jpg 1440w, https:\/\/ilots.se\/wp-content\/uploads\/2025\/10\/11703ba9a8af13766afc39f1701ef2d0ce771a4c-300x200.jpg 300w, https:\/\/ilots.se\/wp-content\/uploads\/2025\/10\/11703ba9a8af13766afc39f1701ef2d0ce771a4c-1024x683.jpg 1024w, https:\/\/ilots.se\/wp-content\/uploads\/2025\/10\/11703ba9a8af13766afc39f1701ef2d0ce771a4c-768x512.jpg 768w, https:\/\/ilots.se\/wp-content\/uploads\/2025\/10\/11703ba9a8af13766afc39f1701ef2d0ce771a4c-18x12.jpg 18w\" sizes=\"auto, (max-width: 1440px) 100vw, 1440px\" \/><\/figure>\n<\/div>\n<\/div>\n\n\n\n<div class=\"wp-block-group alignwide has-global-padding is-layout-constrained wp-block-group-is-layout-constrained\">\n<h1 class=\"wp-block-heading alignwide has-text-align-center\">Expertis inom strategisk f\u00f6retagsledning<\/h1>\n\n\n\n<p class=\"has-text-align-center\" style=\"margin-top:16px\">iLots kombinerar akademisk forskning med praktiska verktyg f\u00f6r att st\u00e4rka organisationers strategiska utveckling och framg\u00e5ng.<\/p>\n\n\n\n<div class=\"wp-block-buttons is-content-justification-center is-layout-flex wp-container-core-buttons-is-layout-d8c0be80 wp-block-buttons-is-layout-flex\" style=\"margin-top:var(--wp--preset--spacing--40)\">\n<div class=\"wp-block-button\"><a class=\"wp-block-button__link wp-element-button\" href=\"https:\/\/www.ilots.se\/tjanster\">L\u00e4s mer<\/a><\/div>\n<\/div>\n<\/div>\n<\/div>\n\n<div class=\"wp-block-group alignfull has-tertiary-background-color has-background has-global-padding is-layout-constrained wp-container-core-group-is-layout-7d1597ee wp-block-group-is-layout-constrained\" id=\"om\" style=\"border-top-width:1px;margin-top:0;margin-bottom:0;padding-top:var(--wp--preset--spacing--60);padding-right:0;padding-bottom:var(--wp--preset--spacing--60);padding-left:0\">\n<div class=\"wp-block-columns alignwide is-layout-flex wp-container-core-columns-is-layout-d0bbbce0 wp-block-columns-is-layout-flex\">\n<div class=\"wp-block-column is-layout-flow wp-block-column-is-layout-flow\">\n<div class=\"wp-block-group has-global-padding is-layout-constrained wp-block-group-is-layout-constrained\" style=\"padding-top:var(--wp--preset--spacing--60);padding-bottom:var(--wp--preset--spacing--60)\">\n<h2 class=\"wp-block-heading\">Strategiska verktyg f\u00f6r effektivt ledarskap<\/h2>\n\n\n\n<p style=\"margin-top:16px\">iLots kombinerar akademisk forskning med praktisk expertis f\u00f6r att erbjuda skr\u00e4ddarsydda managementl\u00f6sningar. V\u00e5rt fokus p\u00e5 innovation och tillf\u00f6rlitlighet skapar v\u00e4rde och l\u00e5ngsiktig framg\u00e5ng f\u00f6r v\u00e5ra kunder.<\/p>\n<\/div>\n<\/div>\n\n\n\n<div class=\"wp-block-column is-layout-flow wp-block-column-is-layout-flow\">\n<figure class=\"wp-block-image\"><img loading=\"lazy\" decoding=\"async\" width=\"961\" height=\"1440\" class=\"wp-image-139\" src=\"https:\/\/ilots.se\/wp-content\/uploads\/2025\/10\/3176136788c32faf129711e5894c1ec2179c9f49.jpg\" alt=\"\" style=\"aspect-ratio:4\/3;object-fit:cover\" srcset=\"https:\/\/ilots.se\/wp-content\/uploads\/2025\/10\/3176136788c32faf129711e5894c1ec2179c9f49.jpg 961w, https:\/\/ilots.se\/wp-content\/uploads\/2025\/10\/3176136788c32faf129711e5894c1ec2179c9f49-200x300.jpg 200w, https:\/\/ilots.se\/wp-content\/uploads\/2025\/10\/3176136788c32faf129711e5894c1ec2179c9f49-683x1024.jpg 683w, https:\/\/ilots.se\/wp-content\/uploads\/2025\/10\/3176136788c32faf129711e5894c1ec2179c9f49-768x1151.jpg 768w, https:\/\/ilots.se\/wp-content\/uploads\/2025\/10\/3176136788c32faf129711e5894c1ec2179c9f49-8x12.jpg 8w\" sizes=\"auto, (max-width: 961px) 100vw, 961px\" \/><\/figure>\n<\/div>\n<\/div>\n<\/div>\n\n<div class=\"wp-block-group alignfull has-background-background-color has-background has-global-padding is-layout-constrained wp-container-core-group-is-layout-7276a2bb wp-block-group-is-layout-constrained\" id=\"tjanster\" style=\"border-top-width:1px;margin-top:0;margin-bottom:0;padding-top:var(--wp--preset--spacing--60);padding-right:var(--wp--preset--spacing--30);padding-bottom:var(--wp--preset--spacing--60);padding-left:var(--wp--preset--spacing--30)\">\n<div class=\"wp-block-group alignwide is-vertical is-layout-flex wp-container-core-group-is-layout-fe9cc265 wp-block-group-is-layout-flex\">\n<div class=\"wp-block-group alignwide has-global-padding is-content-justification-left is-layout-constrained wp-container-core-group-is-layout-8b4c372c wp-block-group-is-layout-constrained\">\n<h2 class=\"wp-block-heading\">St\u00e4rk din strategi med iLots innovativa verktyg<\/h2>\n\n\n\n<p style=\"margin-top:16px\">Utforska v\u00e5rt expertutbud inom managementkonsultation, d\u00e4r kvalitet och insikt g\u00e5r hand i hand.<\/p>\n<\/div>\n<\/div>\n\n\n\n<div class=\"wp-block-columns alignwide is-layout-flex wp-container-core-columns-is-layout-28f84493 wp-block-columns-is-layout-flex\">\n<div class=\"wp-block-column is-layout-flow wp-block-column-is-layout-flow\" style=\"border-width:1px;padding-top:var(--wp--preset--spacing--30);padding-right:var(--wp--preset--spacing--30);padding-bottom:var(--wp--preset--spacing--30);padding-left:var(--wp--preset--spacing--30)\">\n<h3 class=\"wp-block-heading\" style=\"font-size:clamp(14px, 0.875rem + ((1vw - 3.2px) * 0.625), 20px);line-height:1.5\">Strategisk r\u00e5dgivning<\/h3>\n\n\n\n<p class=\"has-small-font-size\" style=\"margin-top:8px\">Vi skr\u00e4ddarsyr strategiska l\u00f6sningar som m\u00f6ter just dina organisatoriska utmaningar.<\/p>\n<\/div>\n\n\n\n<div class=\"wp-block-column is-layout-flow wp-block-column-is-layout-flow\" style=\"border-width:1px;padding-top:var(--wp--preset--spacing--30);padding-right:var(--wp--preset--spacing--30);padding-bottom:var(--wp--preset--spacing--30);padding-left:var(--wp--preset--spacing--30)\">\n<h3 class=\"wp-block-heading\" style=\"font-size:clamp(14px, 0.875rem + ((1vw - 3.2px) * 0.625), 20px);line-height:1.5\">Dataanalys &amp; insikter<\/h3>\n\n\n\n<p class=\"has-small-font-size\" style=\"margin-top:8px\">F\u00e5 djupg\u00e5ende analyser som driver v\u00e4lgrundade beslut och f\u00f6rb\u00e4ttrar aff\u00e4rsresultat.<\/p>\n<\/div>\n\n\n\n<div class=\"wp-block-column is-layout-flow wp-block-column-is-layout-flow\" style=\"border-width:1px;padding-top:var(--wp--preset--spacing--30);padding-right:var(--wp--preset--spacing--30);padding-bottom:var(--wp--preset--spacing--30);padding-left:var(--wp--preset--spacing--30)\">\n<h3 class=\"wp-block-heading\" style=\"font-size:clamp(14px, 0.875rem + ((1vw - 3.2px) * 0.625), 20px);line-height:1.5\">Implementeringsst\u00f6d<\/h3>\n\n\n\n<p class=\"has-small-font-size\" style=\"margin-top:8px\">Vi hj\u00e4lper dig att oms\u00e4tta strategier i praktiken med p\u00e5litlig och effektiv support.<\/p>\n<\/div>\n<\/div>\n<\/div>\n\n<div class=\"wp-block-group alignfull has-tertiary-background-color has-background has-global-padding is-layout-constrained wp-container-core-group-is-layout-28549256 wp-block-group-is-layout-constrained\" id=\"blogg\" style=\"border-top-width:1px;margin-top:0;margin-bottom:0;padding-top:var(--wp--preset--spacing--60);padding-right:var(--wp--preset--spacing--30);padding-bottom:var(--wp--preset--spacing--60);padding-left:var(--wp--preset--spacing--30)\">\n<div class=\"wp-block-group alignwide is-vertical is-layout-flex wp-container-core-group-is-layout-fe9cc265 wp-block-group-is-layout-flex\">\n<div class=\"wp-block-group alignwide has-global-padding is-content-justification-left is-layout-constrained wp-container-core-group-is-layout-8b4c372c wp-block-group-is-layout-constrained\">\n<h2 class=\"wp-block-heading has-large-font-size\">Blog<\/h2>\n\n\n\n<p style=\"margin-top:16px\">Utforska v\u00e5r blogg med artiklar, analyser och verktyg inom strategic management som st\u00f6djer b\u00e5de akademiker och praktiker.<\/p>\n<\/div>\n<\/div>\n\n\n\n<div data-wp-context=\"{}\" data-wp-interactive=\"core\/query\" data-wp-key=\"10\" data-wp-router-region=\"query-10\" class=\"wp-block-query alignwide is-layout-flow wp-block-query-is-layout-flow\"><ul class=\"columns-3 wp-block-post-template is-layout-grid wp-container-core-post-template-is-layout-6d3fbd8f wp-block-post-template-is-layout-grid\"><li data-wp-key=\"post-template-item-43\" class=\"wp-block-post post-43 post type-post status-publish format-standard has-post-thumbnail hentry category-category-4\">\n\n<div class=\"wp-block-group has-global-padding is-layout-constrained wp-container-core-group-is-layout-182a0f6b wp-block-group-is-layout-constrained\" style=\"border-width:1px;padding-top:0;padding-right:0;padding-bottom:0;padding-left:0\"><figure style=\"aspect-ratio:4\/3;\" class=\"wp-block-post-featured-image\"><a href=\"https:\/\/ilots.se\/sv\/vad-gor-en-framgangsrik-strategisk-konsult\/\" target=\"_self\"  ><img loading=\"lazy\" decoding=\"async\" width=\"1470\" height=\"2204\" src=\"https:\/\/ilots.se\/wp-content\/uploads\/2025\/08\/featured-image-7.jpg\" class=\"attachment-post-thumbnail size-post-thumbnail wp-post-image\" alt=\"Vad g\u00f6r en framg\u00e5ngsrik strategisk konsult?\" style=\"width:100%;height:100%;object-fit:cover;\" srcset=\"https:\/\/ilots.se\/wp-content\/uploads\/2025\/08\/featured-image-7.jpg 1470w, https:\/\/ilots.se\/wp-content\/uploads\/2025\/08\/featured-image-7-200x300.jpg 200w, https:\/\/ilots.se\/wp-content\/uploads\/2025\/08\/featured-image-7-683x1024.jpg 683w, https:\/\/ilots.se\/wp-content\/uploads\/2025\/08\/featured-image-7-768x1151.jpg 768w, https:\/\/ilots.se\/wp-content\/uploads\/2025\/08\/featured-image-7-1024x1536.jpg 1024w, https:\/\/ilots.se\/wp-content\/uploads\/2025\/08\/featured-image-7-1366x2048.jpg 1366w\" sizes=\"auto, (max-width: 1470px) 100vw, 1470px\" \/><\/a><\/figure>\n\n\n<div class=\"wp-block-group has-global-padding is-layout-constrained wp-container-core-group-is-layout-0e4ecca0 wp-block-group-is-layout-constrained\" style=\"padding-top:1.5rem;padding-right:1.5rem;padding-bottom:1.5rem;padding-left:1.5rem\"><div class=\"taxonomy-category has-link-color wp-elements-a754a05c2b7e62574dd516ef339d729c wp-block-post-terms has-small-font-size\"><a href=\"https:\/\/ilots.se\/sv\/category\/category-4\/\" rel=\"tag\">Kategori 4<\/a><\/div>\n\n<h2 style=\"font-size:clamp(0.984rem, 0.984rem + ((1vw - 0.2rem) * 0.86), 1.5rem); margin-top:6px;margin-bottom:12px;\" class=\"wp-block-post-title\"><a href=\"https:\/\/ilots.se\/sv\/vad-gor-en-framgangsrik-strategisk-konsult\/\" target=\"_self\" >Vad g\u00f6r en framg\u00e5ngsrik strategisk konsult?<\/a><\/h2>\n\n<div style=\"margin-top:0;margin-bottom:0;\" class=\"wp-block-post-excerpt has-small-font-size\"><p class=\"wp-block-post-excerpt__excerpt\">Detta stycke fungerar som en introduktion till ditt blogginl\u00e4gg. B\u00f6rja med att&hellip; <\/p><\/div><\/div>\n<\/div>\n\n<\/li><li data-wp-key=\"post-template-item-41\" class=\"wp-block-post post-41 post type-post status-publish format-standard has-post-thumbnail hentry category-category-3\">\n\n<div class=\"wp-block-group has-global-padding is-layout-constrained wp-container-core-group-is-layout-182a0f6b wp-block-group-is-layout-constrained\" style=\"border-width:1px;padding-top:0;padding-right:0;padding-bottom:0;padding-left:0\"><figure style=\"aspect-ratio:4\/3;\" class=\"wp-block-post-featured-image\"><a href=\"https:\/\/ilots.se\/sv\/framtidens-teknologier-inom-strategisk-ledning\/\" target=\"_self\"  ><img loading=\"lazy\" decoding=\"async\" width=\"1470\" height=\"980\" src=\"https:\/\/ilots.se\/wp-content\/uploads\/2025\/08\/featured-image-6.jpg\" class=\"attachment-post-thumbnail size-post-thumbnail wp-post-image\" alt=\"Framtidens teknologier inom strategisk ledning\" style=\"width:100%;height:100%;object-fit:cover;\" srcset=\"https:\/\/ilots.se\/wp-content\/uploads\/2025\/08\/featured-image-6.jpg 1470w, https:\/\/ilots.se\/wp-content\/uploads\/2025\/08\/featured-image-6-300x200.jpg 300w, https:\/\/ilots.se\/wp-content\/uploads\/2025\/08\/featured-image-6-1024x683.jpg 1024w, https:\/\/ilots.se\/wp-content\/uploads\/2025\/08\/featured-image-6-768x512.jpg 768w\" sizes=\"auto, (max-width: 1470px) 100vw, 1470px\" \/><\/a><\/figure>\n\n\n<div class=\"wp-block-group has-global-padding is-layout-constrained wp-container-core-group-is-layout-0e4ecca0 wp-block-group-is-layout-constrained\" style=\"padding-top:1.5rem;padding-right:1.5rem;padding-bottom:1.5rem;padding-left:1.5rem\"><div class=\"taxonomy-category has-link-color wp-elements-a754a05c2b7e62574dd516ef339d729c wp-block-post-terms has-small-font-size\"><a href=\"https:\/\/ilots.se\/sv\/category\/category-3\/\" rel=\"tag\">Kategori 3<\/a><\/div>\n\n<h2 style=\"font-size:clamp(0.984rem, 0.984rem + ((1vw - 0.2rem) * 0.86), 1.5rem); margin-top:6px;margin-bottom:12px;\" class=\"wp-block-post-title\"><a href=\"https:\/\/ilots.se\/sv\/framtidens-teknologier-inom-strategisk-ledning\/\" target=\"_self\" >Framtidens teknologier inom strategisk ledning<\/a><\/h2>\n\n<div style=\"margin-top:0;margin-bottom:0;\" class=\"wp-block-post-excerpt has-small-font-size\"><p class=\"wp-block-post-excerpt__excerpt\">Detta stycke fungerar som en introduktion till ditt blogginl\u00e4gg. B\u00f6rja med att&hellip; <\/p><\/div><\/div>\n<\/div>\n\n<\/li><li data-wp-key=\"post-template-item-39\" class=\"wp-block-post post-39 post type-post status-publish format-standard has-post-thumbnail hentry category-category-2\">\n\n<div class=\"wp-block-group has-global-padding is-layout-constrained wp-container-core-group-is-layout-182a0f6b wp-block-group-is-layout-constrained\" style=\"border-width:1px;padding-top:0;padding-right:0;padding-bottom:0;padding-left:0\"><figure style=\"aspect-ratio:4\/3;\" class=\"wp-block-post-featured-image\"><a href=\"https:\/\/ilots.se\/sv\/hur-strategiska-verktyg-forandrar-affarslandskapet\/\" target=\"_self\"  ><img loading=\"lazy\" decoding=\"async\" width=\"1470\" height=\"980\" src=\"https:\/\/ilots.se\/wp-content\/uploads\/2025\/08\/featured-image-5.jpg\" class=\"attachment-post-thumbnail size-post-thumbnail wp-post-image\" alt=\"Hur strategiska verktyg f\u00f6r\u00e4ndrar aff\u00e4rslandskapet\" style=\"width:100%;height:100%;object-fit:cover;\" srcset=\"https:\/\/ilots.se\/wp-content\/uploads\/2025\/08\/featured-image-5.jpg 1470w, https:\/\/ilots.se\/wp-content\/uploads\/2025\/08\/featured-image-5-300x200.jpg 300w, https:\/\/ilots.se\/wp-content\/uploads\/2025\/08\/featured-image-5-1024x683.jpg 1024w, https:\/\/ilots.se\/wp-content\/uploads\/2025\/08\/featured-image-5-768x512.jpg 768w\" sizes=\"auto, (max-width: 1470px) 100vw, 1470px\" \/><\/a><\/figure>\n\n\n<div class=\"wp-block-group has-global-padding is-layout-constrained wp-container-core-group-is-layout-0e4ecca0 wp-block-group-is-layout-constrained\" style=\"padding-top:1.5rem;padding-right:1.5rem;padding-bottom:1.5rem;padding-left:1.5rem\"><div class=\"taxonomy-category has-link-color wp-elements-a754a05c2b7e62574dd516ef339d729c wp-block-post-terms has-small-font-size\"><a href=\"https:\/\/ilots.se\/sv\/category\/category-2\/\" rel=\"tag\">Kategori 2<\/a><\/div>\n\n<h2 style=\"font-size:clamp(0.984rem, 0.984rem + ((1vw - 0.2rem) * 0.86), 1.5rem); margin-top:6px;margin-bottom:12px;\" class=\"wp-block-post-title\"><a href=\"https:\/\/ilots.se\/sv\/hur-strategiska-verktyg-forandrar-affarslandskapet\/\" target=\"_self\" >Hur strategiska verktyg f\u00f6r\u00e4ndrar aff\u00e4rslandskapet<\/a><\/h2>\n\n<div style=\"margin-top:0;margin-bottom:0;\" class=\"wp-block-post-excerpt has-small-font-size\"><p class=\"wp-block-post-excerpt__excerpt\">Detta stycke fungerar som en introduktion till ditt blogginl\u00e4gg. B\u00f6rja med att&hellip; <\/p><\/div><\/div>\n<\/div>\n\n<\/li><\/ul>\n\n<\/div>\n\n\n\n<div class=\"wp-block-buttons is-content-justification-center is-layout-flex wp-container-core-buttons-is-layout-d8c0be80 wp-block-buttons-is-layout-flex\" style=\"margin-top:var(--wp--preset--spacing--40)\">\n<div class=\"wp-block-button\"><a class=\"wp-block-button__link wp-element-button\" href=\"https:\/\/www.ilots.se\/blogg\">Se alla inl\u00e4gg<\/a><\/div>\n<\/div>\n<\/div>\n\n<div class=\"wp-block-group alignfull has-background-background-color has-background has-global-padding is-layout-constrained wp-block-group-is-layout-constrained\" style=\"border-top-width:1px;margin-top:0;margin-bottom:0;padding-top:var(--wp--preset--spacing--60);padding-bottom:var(--wp--preset--spacing--60)\">\n<div class=\"wp-block-columns alignwide is-layout-flex wp-container-core-columns-is-layout-643ced6b wp-block-columns-is-layout-flex\">\n<div class=\"wp-block-column is-layout-flow wp-block-column-is-layout-flow\">\n<div class=\"wp-block-group has-global-padding is-content-justification-left is-layout-constrained wp-container-core-group-is-layout-12dd3699 wp-block-group-is-layout-constrained\">\n<h2 class=\"wp-block-heading\">Innovativa l\u00f6sningar f\u00f6r strategisk styrning<\/h2>\n\n\n\n<p style=\"margin-top:16px\">H\u00e4r presenteras nyckeltal som belyser v\u00e5ra framg\u00e5ngar och expertis<\/p>\n<\/div>\n<\/div>\n\n\n\n<div class=\"wp-block-column is-layout-flow wp-block-column-is-layout-flow\">\n<h3 class=\"wp-block-heading has-text-align-left has-primary-color has-text-color has-x-large-font-size\">85<\/h3>\n\n\n\n<h3 class=\"wp-block-heading has-text-align-left has-medium-font-size\" style=\"margin-top:16px\">Strategisk Effekt<\/h3>\n\n\n\n<p class=\"has-text-align-left has-small-font-size\" style=\"margin-top:8px\">En detaljerad analys som belyser v\u00e5r mest betydande prestation<\/p>\n<\/div>\n\n\n\n<div class=\"wp-block-column is-layout-flow wp-block-column-is-layout-flow\">\n<h3 class=\"wp-block-heading has-text-align-left has-primary-color has-text-color has-x-large-font-size\">150<\/h3>\n\n\n\n<h3 class=\"wp-block-heading has-text-align-left has-medium-font-size\" style=\"margin-top:16px\">Operativ Tillv\u00e4xt<\/h3>\n\n\n\n<p class=\"has-text-align-left has-small-font-size\" style=\"margin-top:8px\">En beskrivning av ytterligare viktiga resultat fr\u00e5n v\u00e5ra tj\u00e4nster<\/p>\n<\/div>\n<\/div>\n<\/div>\n\n<div class=\"wp-block-group alignfull has-tertiary-background-color has-background has-global-padding is-layout-constrained wp-block-group-is-layout-constrained\" style=\"border-top-width:1px;margin-top:0;margin-bottom:0;padding-top:var(--wp--preset--spacing--60);padding-bottom:var(--wp--preset--spacing--60)\">\n<div class=\"wp-block-media-text alignwide is-stacked-on-mobile is-vertically-aligned-center is-image-fill-element\" style=\"padding-right:0;padding-left:0;grid-template-columns:40% auto\"><figure class=\"wp-block-media-text__media\"><img loading=\"lazy\" decoding=\"async\" width=\"1440\" height=\"960\" class=\"wp-image-140 size-full\" src=\"https:\/\/ilots.se\/wp-content\/uploads\/2025\/10\/1e7d08cafebeff658b4f598f7f19bedeb2ae8fdd.jpg\" alt=\"\" style=\"object-position:50% 50%\" srcset=\"https:\/\/ilots.se\/wp-content\/uploads\/2025\/10\/1e7d08cafebeff658b4f598f7f19bedeb2ae8fdd.jpg 1440w, https:\/\/ilots.se\/wp-content\/uploads\/2025\/10\/1e7d08cafebeff658b4f598f7f19bedeb2ae8fdd-300x200.jpg 300w, https:\/\/ilots.se\/wp-content\/uploads\/2025\/10\/1e7d08cafebeff658b4f598f7f19bedeb2ae8fdd-1024x683.jpg 1024w, https:\/\/ilots.se\/wp-content\/uploads\/2025\/10\/1e7d08cafebeff658b4f598f7f19bedeb2ae8fdd-768x512.jpg 768w, https:\/\/ilots.se\/wp-content\/uploads\/2025\/10\/1e7d08cafebeff658b4f598f7f19bedeb2ae8fdd-18x12.jpg 18w\" sizes=\"auto, (max-width: 1440px) 100vw, 1440px\" \/><\/figure><div class=\"wp-block-media-text__content\">\n<div class=\"wp-block-group has-global-padding is-content-justification-left is-layout-constrained wp-container-core-group-is-layout-cdff7eec wp-block-group-is-layout-constrained\" style=\"padding-top:var(--wp--preset--spacing--30);padding-right:0;padding-bottom:var(--wp--preset--spacing--30);padding-left:0\">\n<h2 class=\"wp-block-heading has-large-font-size\">Innovativa l\u00f6sningar f\u00f6r strategisk management<\/h2>\n\n\n\n<p style=\"margin-top:16px\">Uppt\u00e4ck hur v\u00e5ra expertverktyg kan st\u00e4rka din organisations utveckling<\/p>\n\n\n\n<div class=\"wp-block-buttons is-layout-flex wp-container-core-buttons-is-layout-12dcd427 wp-block-buttons-is-layout-flex\" style=\"margin-top:var(--wp--preset--spacing--40)\">\n<div class=\"wp-block-button\"><a class=\"wp-block-button__link wp-element-button\" href=\"https:\/\/www.ilots.se\/resurser\">L\u00e4s vidare<\/a><\/div>\n<\/div>\n<\/div>\n<\/div><\/div>\n<\/div>\n","protected":false},"excerpt":{"rendered":"<p>Expertis inom strategisk f\u00f6retagsledning iLots kombinerar akademisk forskning med praktiska verktyg f\u00f6r att st\u00e4rka organisationers strategiska utveckling och framg\u00e5ng. Strategiska verktyg f\u00f6r effektivt ledarskap iLots kombinerar akademisk forskning med praktisk expertis f\u00f6r att erbjuda skr\u00e4ddarsydda managementl\u00f6sningar. V\u00e5rt fokus p\u00e5 innovation och tillf\u00f6rlitlighet skapar v\u00e4rde och l\u00e5ngsiktig framg\u00e5ng f\u00f6r v\u00e5ra kunder. St\u00e4rk din strategi med iLots [&hellip;]<\/p>\n","protected":false},"author":2,"featured_media":0,"parent":0,"menu_order":0,"comment_status":"closed","ping_status":"closed","template":"no-title","meta":{"om_disable_all_campaigns":false,"_monsterinsights_skip_tracking":false,"_monsterinsights_sitenote_active":false,"_monsterinsights_sitenote_note":"","_monsterinsights_sitenote_category":0,"footnotes":""},"class_list":["post-26","page","type-page","status-publish","hentry"],"aioseo_notices":[],"_links":{"self":[{"href":"https:\/\/ilots.se\/sv\/wp-json\/wp\/v2\/pages\/26","targetHints":{"allow":["GET"]}}],"collection":[{"href":"https:\/\/ilots.se\/sv\/wp-json\/wp\/v2\/pages"}],"about":[{"href":"https:\/\/ilots.se\/sv\/wp-json\/wp\/v2\/types\/page"}],"author":[{"embeddable":true,"href":"https:\/\/ilots.se\/sv\/wp-json\/wp\/v2\/users\/2"}],"replies":[{"embeddable":true,"href":"https:\/\/ilots.se\/sv\/wp-json\/wp\/v2\/comments?post=26"}],"version-history":[{"count":2,"href":"https:\/\/ilots.se\/sv\/wp-json\/wp\/v2\/pages\/26\/revisions"}],"predecessor-version":[{"id":141,"href":"https:\/\/ilots.se\/sv\/wp-json\/wp\/v2\/pages\/26\/revisions\/141"}],"wp:attachment":[{"href":"https:\/\/ilots.se\/sv\/wp-json\/wp\/v2\/media?parent=26"}],"curies":[{"name":"wp","href":"https:\/\/api.w.org\/{rel}","templated":true}]}}